{"id":278,"date":"2024-01-23T00:03:25","date_gmt":"2024-01-22T23:03:25","guid":{"rendered":"https:\/\/www.savon-lepetitardechois.fr\/?page_id=278"},"modified":"2025-03-12T22:07:10","modified_gmt":"2025-03-12T21:07:10","slug":"pointsdevente","status":"publish","type":"page","link":"https:\/\/www.savon-lepetitardechois.fr\/index.php\/pointsdevente\/","title":{"rendered":"Points de vente"},"content":{"rendered":"\t\t<div data-elementor-type=\"wp-page\" data-elementor-id=\"278\" class=\"elementor elementor-278\">\n\t\t\t\t\t\t\t<div class=\"elementor-element elementor-element-22a10fc e-flex e-con-boxed e-con e-parent\" data-id=\"22a10fc\" data-element_type=\"container\" data-settings=\"{&quot;content_width&quot;:&quot;boxed&quot;}\" data-core-v316-plus=\"true\">\n\t\t\t\t\t<div class=\"e-con-inner\">\n\t\t\t\t<div class=\"elementor-element elementor-element-c7654f6 elementor-widget elementor-widget-image\" data-id=\"c7654f6\" data-element_type=\"widget\" data-widget_type=\"image.default\">\n\t\t\t\t<div class=\"elementor-widget-container\">\n\t\t\t<style>\/*! elementor - v3.18.0 - 20-12-2023 *\/\n.elementor-widget-image{text-align:center}.elementor-widget-image a{display:inline-block}.elementor-widget-image a img[src$=\".svg\"]{width:48px}.elementor-widget-image img{vertical-align:middle;display:inline-block}<\/style>\t\t\t\t\t\t\t\t\t\t\t\t<img fetchpriority=\"high\" decoding=\"async\" width=\"768\" height=\"326\" src=\"https:\/\/www.savon-lepetitardechois.fr\/wp-content\/uploads\/2025\/03\/Points-de-vente-ardeche-768x326.jpg\" class=\"attachment-medium_large size-medium_large wp-image-1029\" alt=\"\" srcset=\"https:\/\/www.savon-lepetitardechois.fr\/wp-content\/uploads\/2025\/03\/Points-de-vente-ardeche-768x326.jpg 768w, https:\/\/www.savon-lepetitardechois.fr\/wp-content\/uploads\/2025\/03\/Points-de-vente-ardeche-300x127.jpg 300w, https:\/\/www.savon-lepetitardechois.fr\/wp-content\/uploads\/2025\/03\/Points-de-vente-ardeche-1024x435.jpg 1024w, https:\/\/www.savon-lepetitardechois.fr\/wp-content\/uploads\/2025\/03\/Points-de-vente-ardeche-1536x652.jpg 1536w, https:\/\/www.savon-lepetitardechois.fr\/wp-content\/uploads\/2025\/03\/Points-de-vente-ardeche.jpg 1728w\" sizes=\"(max-width: 768px) 100vw, 768px\" \/>\t\t\t\t\t\t\t\t\t\t\t\t\t\t\t<\/div>\n\t\t\t\t<\/div>\n\t\t\t\t<div class=\"elementor-element elementor-element-dc2bb41 elementor-widget elementor-widget-spacer\" data-id=\"dc2bb41\" data-element_type=\"widget\" data-widget_type=\"spacer.default\">\n\t\t\t\t<div class=\"elementor-widget-container\">\n\t\t\t<style>\/*! elementor - v3.18.0 - 20-12-2023 *\/\n.elementor-column .elementor-spacer-inner{height:var(--spacer-size)}.e-con{--container-widget-width:100%}.e-con-inner>.elementor-widget-spacer,.e-con>.elementor-widget-spacer{width:var(--container-widget-width,var(--spacer-size));--align-self:var(--container-widget-align-self,initial);--flex-shrink:0}.e-con-inner>.elementor-widget-spacer>.elementor-widget-container,.e-con>.elementor-widget-spacer>.elementor-widget-container{height:100%;width:100%}.e-con-inner>.elementor-widget-spacer>.elementor-widget-container>.elementor-spacer,.e-con>.elementor-widget-spacer>.elementor-widget-container>.elementor-spacer{height:100%}.e-con-inner>.elementor-widget-spacer>.elementor-widget-container>.elementor-spacer>.elementor-spacer-inner,.e-con>.elementor-widget-spacer>.elementor-widget-container>.elementor-spacer>.elementor-spacer-inner{height:var(--container-widget-height,var(--spacer-size))}.e-con-inner>.elementor-widget-spacer.elementor-widget-empty,.e-con>.elementor-widget-spacer.elementor-widget-empty{position:relative;min-height:22px;min-width:22px}.e-con-inner>.elementor-widget-spacer.elementor-widget-empty .elementor-widget-empty-icon,.e-con>.elementor-widget-spacer.elementor-widget-empty .elementor-widget-empty-icon{position:absolute;top:0;bottom:0;left:0;right:0;margin:auto;padding:0;width:22px;height:22px}<\/style>\t\t<div class=\"elementor-spacer\">\n\t\t\t<div class=\"elementor-spacer-inner\"><\/div>\n\t\t<\/div>\n\t\t\t\t<\/div>\n\t\t\t\t<\/div>\n\t\t\t\t\t<\/div>\n\t\t\t\t<\/div>\n\t\t<div class=\"elementor-element elementor-element-673f35d e-flex e-con-boxed e-con e-parent\" data-id=\"673f35d\" data-element_type=\"container\" data-settings=\"{&quot;content_width&quot;:&quot;boxed&quot;}\" data-core-v316-plus=\"true\">\n\t\t\t\t\t<div class=\"e-con-inner\">\n\t\t<div class=\"elementor-element elementor-element-ee2a720 e-con-full e-flex e-con e-child\" data-id=\"ee2a720\" data-element_type=\"container\" data-settings=\"{&quot;content_width&quot;:&quot;full&quot;}\">\n\t\t\t\t<div class=\"elementor-element elementor-element-1d28424 elementor-position-top elementor-widget elementor-widget-image-box\" data-id=\"1d28424\" data-element_type=\"widget\" data-widget_type=\"image-box.default\">\n\t\t\t\t<div class=\"elementor-widget-container\">\n\t\t\t<style>\/*! elementor - v3.18.0 - 20-12-2023 *\/\n.elementor-widget-image-box .elementor-image-box-content{width:100%}@media (min-width:768px){.elementor-widget-image-box.elementor-position-left .elementor-image-box-wrapper,.elementor-widget-image-box.elementor-position-right .elementor-image-box-wrapper{display:flex}.elementor-widget-image-box.elementor-position-right .elementor-image-box-wrapper{text-align:right;flex-direction:row-reverse}.elementor-widget-image-box.elementor-position-left .elementor-image-box-wrapper{text-align:left;flex-direction:row}.elementor-widget-image-box.elementor-position-top .elementor-image-box-img{margin:auto}.elementor-widget-image-box.elementor-vertical-align-top .elementor-image-box-wrapper{align-items:flex-start}.elementor-widget-image-box.elementor-vertical-align-middle .elementor-image-box-wrapper{align-items:center}.elementor-widget-image-box.elementor-vertical-align-bottom .elementor-image-box-wrapper{align-items:flex-end}}@media (max-width:767px){.elementor-widget-image-box .elementor-image-box-img{margin-left:auto!important;margin-right:auto!important;margin-bottom:15px}}.elementor-widget-image-box .elementor-image-box-img{display:inline-block}.elementor-widget-image-box .elementor-image-box-title a{color:inherit}.elementor-widget-image-box .elementor-image-box-wrapper{text-align:center}.elementor-widget-image-box .elementor-image-box-description{margin:0}<\/style><div class=\"elementor-image-box-wrapper\"><figure class=\"elementor-image-box-img\"><img decoding=\"async\" width=\"60\" height=\"60\" src=\"https:\/\/www.savon-lepetitardechois.fr\/wp-content\/uploads\/2024\/01\/points-de-vente.png\" class=\"attachment-full size-full wp-image-234\" alt=\"\" \/><\/figure><div class=\"elementor-image-box-content\"><h3 class=\"elementor-image-box-title\">Super U LE Cheylard<\/h3><p class=\"elementor-image-box-description\">La Palisse Ouest, 110 Chemin de Lapra, 07160 Le Cheylard.\u00a0T\u00e9l : 04 75 29 74 44<\/p><\/div><\/div>\t\t<\/div>\n\t\t\t\t<\/div>\n\t\t\t\t<div class=\"elementor-element elementor-element-2716e50 elementor-position-top elementor-widget elementor-widget-image-box\" data-id=\"2716e50\" data-element_type=\"widget\" data-widget_type=\"image-box.default\">\n\t\t\t\t<div class=\"elementor-widget-container\">\n\t\t\t<div class=\"elementor-image-box-wrapper\"><figure class=\"elementor-image-box-img\"><img decoding=\"async\" width=\"60\" height=\"60\" src=\"https:\/\/www.savon-lepetitardechois.fr\/wp-content\/uploads\/2024\/01\/points-de-vente.png\" class=\"attachment-full size-full wp-image-234\" alt=\"\" \/><\/figure><div class=\"elementor-image-box-content\"><h3 class=\"elementor-image-box-title\">S\u00e9lectfruits<\/h3><p class=\"elementor-image-box-description\">10 RUE DE LA REPUBLIQUE - \t07160 LE CHEYLARD\t- T\u00e9l:  04 75 29 04 05\n<\/p><\/div><\/div>\t\t<\/div>\n\t\t\t\t<\/div>\n\t\t\t\t<div class=\"elementor-element elementor-element-8552c9a elementor-position-top elementor-widget elementor-widget-image-box\" data-id=\"8552c9a\" data-element_type=\"widget\" data-widget_type=\"image-box.default\">\n\t\t\t\t<div class=\"elementor-widget-container\">\n\t\t\t<div class=\"elementor-image-box-wrapper\"><figure class=\"elementor-image-box-img\"><img decoding=\"async\" width=\"60\" height=\"60\" src=\"https:\/\/www.savon-lepetitardechois.fr\/wp-content\/uploads\/2024\/01\/points-de-vente.png\" class=\"attachment-full size-full wp-image-234\" alt=\"\" \/><\/figure><div class=\"elementor-image-box-content\"><h3 class=\"elementor-image-box-title\">Cave Ard\u00e8che SAVEURS<\/h3><p class=\"elementor-image-box-description\">16 rue de la R\u00e9publique - \t07160 LE CHEYLARD -\tT\u00e9l: 04 75 30 45 14\u00a0\n<\/p><\/div><\/div>\t\t<\/div>\n\t\t\t\t<\/div>\n\t\t\t\t<div class=\"elementor-element elementor-element-a2892c9 elementor-position-top elementor-widget elementor-widget-image-box\" data-id=\"a2892c9\" data-element_type=\"widget\" data-widget_type=\"image-box.default\">\n\t\t\t\t<div class=\"elementor-widget-container\">\n\t\t\t<div class=\"elementor-image-box-wrapper\"><figure class=\"elementor-image-box-img\"><img decoding=\"async\" width=\"60\" height=\"60\" src=\"https:\/\/www.savon-lepetitardechois.fr\/wp-content\/uploads\/2024\/01\/points-de-vente.png\" class=\"attachment-full size-full wp-image-234\" alt=\"\" \/><\/figure><div class=\"elementor-image-box-content\"><h3 class=\"elementor-image-box-title\">OT Ard\u00e8che Hautes Vall\u00e9es<\/h3><p class=\"elementor-image-box-description\">4 B rue St Joseph - \t07160\t LE CHEYLARD - T\u00e9l: 04 75 64 80 97\n\n<\/p><\/div><\/div>\t\t<\/div>\n\t\t\t\t<\/div>\n\t\t\t\t<div class=\"elementor-element elementor-element-bb83261 elementor-position-top elementor-widget elementor-widget-image-box\" data-id=\"bb83261\" data-element_type=\"widget\" data-widget_type=\"image-box.default\">\n\t\t\t\t<div class=\"elementor-widget-container\">\n\t\t\t<div class=\"elementor-image-box-wrapper\"><figure class=\"elementor-image-box-img\"><img decoding=\"async\" width=\"60\" height=\"60\" src=\"https:\/\/www.savon-lepetitardechois.fr\/wp-content\/uploads\/2024\/01\/points-de-vente.png\" class=\"attachment-full size-full wp-image-234\" alt=\"\" \/><\/figure><div class=\"elementor-image-box-content\"><h3 class=\"elementor-image-box-title\">Le panier de Lucette<\/h3><p class=\"elementor-image-box-description\">141 Le clos - 07190 \tSAINT PIERREVILLE  - T\u00e9l: 06 64 24 36 84\n\n\n<\/p><\/div><\/div>\t\t<\/div>\n\t\t\t\t<\/div>\n\t\t\t\t<div class=\"elementor-element elementor-element-1a9e1cf elementor-position-top elementor-widget elementor-widget-image-box\" data-id=\"1a9e1cf\" data-element_type=\"widget\" data-widget_type=\"image-box.default\">\n\t\t\t\t<div class=\"elementor-widget-container\">\n\t\t\t<div class=\"elementor-image-box-wrapper\"><figure class=\"elementor-image-box-img\"><img decoding=\"async\" width=\"60\" height=\"60\" src=\"https:\/\/www.savon-lepetitardechois.fr\/wp-content\/uploads\/2024\/01\/points-de-vente.png\" class=\"attachment-full size-full wp-image-234\" alt=\"\" \/><\/figure><div class=\"elementor-image-box-content\"><h3 class=\"elementor-image-box-title\">Aux p'tits Bonheurs<\/h3><p class=\"elementor-image-box-description\">336 GRAND RUE \t07190\tBEAUVENE  - T\u00e9l:06 62 01 13 40\n\n\n<\/p><\/div><\/div>\t\t<\/div>\n\t\t\t\t<\/div>\n\t\t\t\t<div class=\"elementor-element elementor-element-aff1aab elementor-position-top elementor-widget elementor-widget-image-box\" data-id=\"aff1aab\" data-element_type=\"widget\" data-widget_type=\"image-box.default\">\n\t\t\t\t<div class=\"elementor-widget-container\">\n\t\t\t<div class=\"elementor-image-box-wrapper\"><figure class=\"elementor-image-box-img\"><img decoding=\"async\" width=\"60\" height=\"60\" src=\"https:\/\/www.savon-lepetitardechois.fr\/wp-content\/uploads\/2024\/01\/points-de-vente.png\" class=\"attachment-full size-full wp-image-234\" alt=\"\" \/><\/figure><div class=\"elementor-image-box-content\"><h3 class=\"elementor-image-box-title\">Maison & Copeaux<\/h3><p class=\"elementor-image-box-description\">3 Place Aristide Briand\t07240\tVERNOUX EN VIVARAIS - T\u00e9l: 06 01 10 20 61\n\n\n\n<\/p><\/div><\/div>\t\t<\/div>\n\t\t\t\t<\/div>\n\t\t\t\t<div class=\"elementor-element elementor-element-50a15ba elementor-position-top elementor-widget elementor-widget-image-box\" data-id=\"50a15ba\" data-element_type=\"widget\" data-widget_type=\"image-box.default\">\n\t\t\t\t<div class=\"elementor-widget-container\">\n\t\t\t<div class=\"elementor-image-box-wrapper\"><figure class=\"elementor-image-box-img\"><img decoding=\"async\" width=\"60\" height=\"60\" src=\"https:\/\/www.savon-lepetitardechois.fr\/wp-content\/uploads\/2024\/01\/points-de-vente.png\" class=\"attachment-full size-full wp-image-234\" alt=\"\" \/><\/figure><div class=\"elementor-image-box-content\"><h3 class=\"elementor-image-box-title\">Glacier Terre Ad\u00e9lice<\/h3><p class=\"elementor-image-box-description\">495 A Route Le Moulinon\t07190- SAINT SAUVEUR DE MONTAGUT - T\u00e9l: 04 75 65 43 00\n\n\n\n\n<\/p><\/div><\/div>\t\t<\/div>\n\t\t\t\t<\/div>\n\t\t\t\t<div class=\"elementor-element elementor-element-1fa7f08 elementor-position-top elementor-widget elementor-widget-image-box\" data-id=\"1fa7f08\" data-element_type=\"widget\" data-widget_type=\"image-box.default\">\n\t\t\t\t<div class=\"elementor-widget-container\">\n\t\t\t<div class=\"elementor-image-box-wrapper\"><figure class=\"elementor-image-box-img\"><img decoding=\"async\" width=\"60\" height=\"60\" src=\"https:\/\/www.savon-lepetitardechois.fr\/wp-content\/uploads\/2024\/01\/points-de-vente.png\" class=\"attachment-full size-full wp-image-234\" alt=\"\" \/><\/figure><div class=\"elementor-image-box-content\"><h3 class=\"elementor-image-box-title\">H\u00f4tel des C\u00e9v\u00e8nnes<\/h3><p class=\"elementor-image-box-description\">le col - 07530\tM\u00e9zilhac\t- T\u00e9l: 04 75 38 78 01\n\n\n\n\n\n<\/p><\/div><\/div>\t\t<\/div>\n\t\t\t\t<\/div>\n\t\t\t\t<div class=\"elementor-element elementor-element-ef6b100 elementor-position-top elementor-widget elementor-widget-image-box\" data-id=\"ef6b100\" data-element_type=\"widget\" data-widget_type=\"image-box.default\">\n\t\t\t\t<div class=\"elementor-widget-container\">\n\t\t\t<div class=\"elementor-image-box-wrapper\"><figure class=\"elementor-image-box-img\"><img decoding=\"async\" width=\"60\" height=\"60\" src=\"https:\/\/www.savon-lepetitardechois.fr\/wp-content\/uploads\/2024\/01\/points-de-vente.png\" class=\"attachment-full size-full wp-image-234\" alt=\"\" \/><\/figure><div class=\"elementor-image-box-content\"><h3 class=\"elementor-image-box-title\">Quai des Haltes<\/h3><p class=\"elementor-image-box-description\">137 rue de la gare - Pon t de Chervil - 07240\tChalencon - T\u00e9l: 06 23 01 32 78\n\n\n\n\n\n\n<\/p><\/div><\/div>\t\t<\/div>\n\t\t\t\t<\/div>\n\t\t\t\t<div class=\"elementor-element elementor-element-ae9dc30 elementor-position-top elementor-widget elementor-widget-image-box\" data-id=\"ae9dc30\" data-element_type=\"widget\" data-widget_type=\"image-box.default\">\n\t\t\t\t<div class=\"elementor-widget-container\">\n\t\t\t<div class=\"elementor-image-box-wrapper\"><figure class=\"elementor-image-box-img\"><img decoding=\"async\" width=\"60\" height=\"60\" src=\"https:\/\/www.savon-lepetitardechois.fr\/wp-content\/uploads\/2024\/01\/points-de-vente.png\" class=\"attachment-full size-full wp-image-234\" alt=\"\" \/><\/figure><div class=\"elementor-image-box-content\"><h3 class=\"elementor-image-box-title\">L'Etape Dumas<\/h3><p class=\"elementor-image-box-description\">178 route de Galovesse\t- 07190\tBEAUVENE - T\u00e9l: 06 81 10 57 61\n\n\n\n\n\n\n<\/p><\/div><\/div>\t\t<\/div>\n\t\t\t\t<\/div>\n\t\t\t\t<\/div>\n\t\t<div class=\"elementor-element elementor-element-2e8a314 e-con-full e-flex e-con e-child\" data-id=\"2e8a314\" data-element_type=\"container\" data-settings=\"{&quot;content_width&quot;:&quot;full&quot;}\">\n\t\t\t\t<div class=\"elementor-element elementor-element-d31e27d elementor-position-top elementor-widget elementor-widget-image-box\" data-id=\"d31e27d\" data-element_type=\"widget\" data-widget_type=\"image-box.default\">\n\t\t\t\t<div class=\"elementor-widget-container\">\n\t\t\t<div class=\"elementor-image-box-wrapper\"><figure class=\"elementor-image-box-img\"><img decoding=\"async\" width=\"60\" height=\"60\" src=\"https:\/\/www.savon-lepetitardechois.fr\/wp-content\/uploads\/2024\/01\/points-de-vente.png\" class=\"attachment-full size-full wp-image-234\" alt=\"\" \/><\/figure><div class=\"elementor-image-box-content\"><h3 class=\"elementor-image-box-title\">Castan\u00e9a mus\u00e9e<\/h3><p class=\"elementor-image-box-description\">Parvis de l'\u00c9glise - 07260\tJOYEUSE - T\u00e9l : 04 75 39 90 66\n<\/p><\/div><\/div>\t\t<\/div>\n\t\t\t\t<\/div>\n\t\t\t\t<div class=\"elementor-element elementor-element-1b75df1 elementor-position-top elementor-widget elementor-widget-image-box\" data-id=\"1b75df1\" data-element_type=\"widget\" data-widget_type=\"image-box.default\">\n\t\t\t\t<div class=\"elementor-widget-container\">\n\t\t\t<div class=\"elementor-image-box-wrapper\"><figure class=\"elementor-image-box-img\"><img decoding=\"async\" width=\"60\" height=\"60\" src=\"https:\/\/www.savon-lepetitardechois.fr\/wp-content\/uploads\/2024\/01\/points-de-vente.png\" class=\"attachment-full size-full wp-image-234\" alt=\"\" \/><\/figure><div class=\"elementor-image-box-content\"><h3 class=\"elementor-image-box-title\">Jardinerie Pontier Et Fils<\/h3><p class=\"elementor-image-box-description\">245 Route de Jaujac - 07380 PRADES - T\u00e9l: 04 75 38 01 25\n\n\n<\/p><\/div><\/div>\t\t<\/div>\n\t\t\t\t<\/div>\n\t\t\t\t<div class=\"elementor-element elementor-element-05bbfe4 elementor-position-top elementor-widget elementor-widget-image-box\" data-id=\"05bbfe4\" data-element_type=\"widget\" data-widget_type=\"image-box.default\">\n\t\t\t\t<div class=\"elementor-widget-container\">\n\t\t\t<div class=\"elementor-image-box-wrapper\"><figure class=\"elementor-image-box-img\"><img decoding=\"async\" width=\"60\" height=\"60\" src=\"https:\/\/www.savon-lepetitardechois.fr\/wp-content\/uploads\/2024\/01\/points-de-vente.png\" class=\"attachment-full size-full wp-image-234\" alt=\"\" \/><\/figure><div class=\"elementor-image-box-content\"><h3 class=\"elementor-image-box-title\">OT Ard\u00e8che Grand Air<\/h3><p class=\"elementor-image-box-description\">Place des Cordeliers\t07100\tAnnonay - T\u00e9l: 04 75 33 24 51\n\n\n<\/p><\/div><\/div>\t\t<\/div>\n\t\t\t\t<\/div>\n\t\t\t\t<div class=\"elementor-element elementor-element-6690bbb elementor-position-top elementor-widget elementor-widget-image-box\" data-id=\"6690bbb\" data-element_type=\"widget\" data-widget_type=\"image-box.default\">\n\t\t\t\t<div class=\"elementor-widget-container\">\n\t\t\t<div class=\"elementor-image-box-wrapper\"><figure class=\"elementor-image-box-img\"><img decoding=\"async\" width=\"60\" height=\"60\" src=\"https:\/\/www.savon-lepetitardechois.fr\/wp-content\/uploads\/2024\/01\/points-de-vente.png\" class=\"attachment-full size-full wp-image-234\" alt=\"\" \/><\/figure><div class=\"elementor-image-box-content\"><h3 class=\"elementor-image-box-title\">OT Montagne Ard\u00e8che  <\/h3><p class=\"elementor-image-box-description\">P\u00f4le Gerbier Bourlatier - Le village - 07660\tSaint Eulalie - T\u00e9l: 06 77 37 16 69 \n\n\n\n<\/p><\/div><\/div>\t\t<\/div>\n\t\t\t\t<\/div>\n\t\t\t\t<div class=\"elementor-element elementor-element-74614cb elementor-position-top elementor-widget elementor-widget-image-box\" data-id=\"74614cb\" data-element_type=\"widget\" data-widget_type=\"image-box.default\">\n\t\t\t\t<div class=\"elementor-widget-container\">\n\t\t\t<div class=\"elementor-image-box-wrapper\"><figure class=\"elementor-image-box-img\"><img decoding=\"async\" width=\"60\" height=\"60\" src=\"https:\/\/www.savon-lepetitardechois.fr\/wp-content\/uploads\/2024\/01\/points-de-vente.png\" class=\"attachment-full size-full wp-image-234\" alt=\"\" \/><\/figure><div class=\"elementor-image-box-content\"><h3 class=\"elementor-image-box-title\">La Cro\u00fbte en or<\/h3><p class=\"elementor-image-box-description\">255 rue du ch\u00e2teau - 07300\tETABLES - T\u00e9l: 04 75 06 80 12\n\n\n<\/p><\/div><\/div>\t\t<\/div>\n\t\t\t\t<\/div>\n\t\t\t\t<div class=\"elementor-element elementor-element-d023611 elementor-position-top elementor-widget elementor-widget-image-box\" data-id=\"d023611\" data-element_type=\"widget\" data-widget_type=\"image-box.default\">\n\t\t\t\t<div class=\"elementor-widget-container\">\n\t\t\t<div class=\"elementor-image-box-wrapper\"><figure class=\"elementor-image-box-img\"><img decoding=\"async\" width=\"60\" height=\"60\" src=\"https:\/\/www.savon-lepetitardechois.fr\/wp-content\/uploads\/2024\/01\/points-de-vente.png\" class=\"attachment-full size-full wp-image-234\" alt=\"\" \/><\/figure><div class=\"elementor-image-box-content\"><h3 class=\"elementor-image-box-title\">Epicerie de C\u00e9cile<\/h3><p class=\"elementor-image-box-description\">26 impasse du belv\u00e9d\u00e8re - \t07300 Saint-Barth\u00e9l\u00e9my-le-Plain - T\u00e9l: 06 45 69 41 30\n\n\n\n<\/p><\/div><\/div>\t\t<\/div>\n\t\t\t\t<\/div>\n\t\t\t\t<div class=\"elementor-element elementor-element-726e23f elementor-position-top elementor-widget elementor-widget-image-box\" data-id=\"726e23f\" data-element_type=\"widget\" data-widget_type=\"image-box.default\">\n\t\t\t\t<div class=\"elementor-widget-container\">\n\t\t\t<div class=\"elementor-image-box-wrapper\"><figure class=\"elementor-image-box-img\"><img decoding=\"async\" width=\"60\" height=\"60\" src=\"https:\/\/www.savon-lepetitardechois.fr\/wp-content\/uploads\/2024\/01\/points-de-vente.png\" class=\"attachment-full size-full wp-image-234\" alt=\"\" \/><\/figure><div class=\"elementor-image-box-content\"><h3 class=\"elementor-image-box-title\">Les Thermes de Vals<\/h3><p class=\"elementor-image-box-description\"> 19 AVENUE RIBEYRE - \t07600\tVALS-LES-BAINS\t- T\u00e9l: 04 75 37 46 68\n\n\n<\/p><\/div><\/div>\t\t<\/div>\n\t\t\t\t<\/div>\n\t\t\t\t<div class=\"elementor-element elementor-element-dfae2a2 elementor-position-top elementor-widget elementor-widget-image-box\" data-id=\"dfae2a2\" data-element_type=\"widget\" data-widget_type=\"image-box.default\">\n\t\t\t\t<div class=\"elementor-widget-container\">\n\t\t\t<div class=\"elementor-image-box-wrapper\"><figure class=\"elementor-image-box-img\"><img decoding=\"async\" width=\"60\" height=\"60\" src=\"https:\/\/www.savon-lepetitardechois.fr\/wp-content\/uploads\/2024\/01\/points-de-vente.png\" class=\"attachment-full size-full wp-image-234\" alt=\"\" \/><\/figure><div class=\"elementor-image-box-content\"><h3 class=\"elementor-image-box-title\">Le carr\u00e9 D'Al\u00e9thius<\/h3><p class=\"elementor-image-box-description\">4 Rue P. Bertois\t07800\tCharmes-sur-Rh\u00f4ne  - T\u00e9l:04 75 78 30 52\n\n\n\n<\/p><\/div><\/div>\t\t<\/div>\n\t\t\t\t<\/div>\n\t\t\t\t<div class=\"elementor-element elementor-element-d79f728 elementor-position-top elementor-widget elementor-widget-image-box\" data-id=\"d79f728\" data-element_type=\"widget\" data-widget_type=\"image-box.default\">\n\t\t\t\t<div class=\"elementor-widget-container\">\n\t\t\t<div class=\"elementor-image-box-wrapper\"><figure class=\"elementor-image-box-img\"><img decoding=\"async\" width=\"60\" height=\"60\" src=\"https:\/\/www.savon-lepetitardechois.fr\/wp-content\/uploads\/2024\/01\/points-de-vente.png\" class=\"attachment-full size-full wp-image-234\" alt=\"\" \/><\/figure><div class=\"elementor-image-box-content\"><h3 class=\"elementor-image-box-title\">De tout Un Peu <\/h3><p class=\"elementor-image-box-description\">6 rue des Alpes - 07520\tLALOUVESC - T\u00e9l : 06 26 56 62 63\n\n\n\n\n<\/p><\/div><\/div>\t\t<\/div>\n\t\t\t\t<\/div>\n\t\t\t\t<div class=\"elementor-element elementor-element-d2e9f19 elementor-position-top elementor-widget elementor-widget-image-box\" data-id=\"d2e9f19\" data-element_type=\"widget\" data-widget_type=\"image-box.default\">\n\t\t\t\t<div class=\"elementor-widget-container\">\n\t\t\t<div class=\"elementor-image-box-wrapper\"><figure class=\"elementor-image-box-img\"><img decoding=\"async\" width=\"60\" height=\"60\" src=\"https:\/\/www.savon-lepetitardechois.fr\/wp-content\/uploads\/2024\/01\/points-de-vente.png\" class=\"attachment-full size-full wp-image-234\" alt=\"\" \/><\/figure><div class=\"elementor-image-box-content\"><h3 class=\"elementor-image-box-title\">Au P'tit Burzet<\/h3><p class=\"elementor-image-box-description\">60 Grand Rue- 07450\tBURZET - T\u00e9l : 04 75 94 43 60\n\n\n\n<\/p><\/div><\/div>\t\t<\/div>\n\t\t\t\t<\/div>\n\t\t\t\t<div class=\"elementor-element elementor-element-2b31c11 elementor-position-top elementor-widget elementor-widget-image-box\" data-id=\"2b31c11\" data-element_type=\"widget\" data-widget_type=\"image-box.default\">\n\t\t\t\t<div class=\"elementor-widget-container\">\n\t\t\t<div class=\"elementor-image-box-wrapper\"><figure class=\"elementor-image-box-img\"><img decoding=\"async\" width=\"60\" height=\"60\" src=\"https:\/\/www.savon-lepetitardechois.fr\/wp-content\/uploads\/2024\/01\/points-de-vente.png\" class=\"attachment-full size-full wp-image-234\" alt=\"\" \/><\/figure><div class=\"elementor-image-box-content\"><h3 class=\"elementor-image-box-title\">Bar Tabac Montpezat<\/h3><p class=\"elementor-image-box-description\">1 Place Jeanne d'Arc - 07560 Montpezat-Sous-Bauzon - T\u00e9l : 09 86 10 14 47\n\n\n\n\n<\/p><\/div><\/div>\t\t<\/div>\n\t\t\t\t<\/div>\n\t\t\t\t<\/div>\n\t\t\t\t\t<\/div>\n\t\t\t\t<\/div>\n\t\t<div class=\"elementor-element elementor-element-439c42c e-flex e-con-boxed e-con e-parent\" data-id=\"439c42c\" data-element_type=\"container\" data-settings=\"{&quot;content_width&quot;:&quot;boxed&quot;}\" data-core-v316-plus=\"true\">\n\t\t\t\t\t<div class=\"e-con-inner\">\n\t\t\t\t\t<\/div>\n\t\t\t\t<\/div>\n\t\t\t\t\t\t\t<\/div>\n\t\t","protected":false},"excerpt":{"rendered":"<p>Super U LE Cheylard La Palisse Ouest, 110 Chemin de Lapra, 07160 Le Cheylard.\u00a0T\u00e9l : 04 75 29 74 44 S\u00e9lectfruits 10 RUE DE LA REPUBLIQUE &#8211; 07160 LE CHEYLARD &#8211; T\u00e9l: 04 75 29 04 05 Cave Ard\u00e8che SAVEURS 16 rue de la R\u00e9publique &#8211; 07160 LE CHEYLARD &#8211; T\u00e9l: 04 75 30 45 [&hellip;]<\/p>\n","protected":false},"author":1,"featured_media":0,"parent":0,"menu_order":0,"comment_status":"closed","ping_status":"closed","template":"","meta":{"footnotes":""},"class_list":["post-278","page","type-page","status-publish","hentry","entry"],"_links":{"self":[{"href":"https:\/\/www.savon-lepetitardechois.fr\/index.php\/wp-json\/wp\/v2\/pages\/278","targetHints":{"allow":["GET"]}}],"collection":[{"href":"https:\/\/www.savon-lepetitardechois.fr\/index.php\/wp-json\/wp\/v2\/pages"}],"about":[{"href":"https:\/\/www.savon-lepetitardechois.fr\/index.php\/wp-json\/wp\/v2\/types\/page"}],"author":[{"embeddable":true,"href":"https:\/\/www.savon-lepetitardechois.fr\/index.php\/wp-json\/wp\/v2\/users\/1"}],"replies":[{"embeddable":true,"href":"https:\/\/www.savon-lepetitardechois.fr\/index.php\/wp-json\/wp\/v2\/comments?post=278"}],"version-history":[{"count":102,"href":"https:\/\/www.savon-lepetitardechois.fr\/index.php\/wp-json\/wp\/v2\/pages\/278\/revisions"}],"predecessor-version":[{"id":1099,"href":"https:\/\/www.savon-lepetitardechois.fr\/index.php\/wp-json\/wp\/v2\/pages\/278\/revisions\/1099"}],"wp:attachment":[{"href":"https:\/\/www.savon-lepetitardechois.fr\/index.php\/wp-json\/wp\/v2\/media?parent=278"}],"curies":[{"name":"wp","href":"https:\/\/api.w.org\/{rel}","templated":true}]}}