{"id":35,"date":"2024-01-22T09:03:34","date_gmt":"2024-01-22T08:03:34","guid":{"rendered":"https:\/\/www.savon-lepetitardechois.fr\/index.php\/workshops\/"},"modified":"2024-01-23T06:57:50","modified_gmt":"2024-01-23T05:57:50","slug":"presse","status":"publish","type":"page","link":"https:\/\/www.savon-lepetitardechois.fr\/index.php\/presse\/","title":{"rendered":"La presse en parle"},"content":{"rendered":"\t\t<div data-elementor-type=\"wp-page\" data-elementor-id=\"35\" class=\"elementor elementor-35\">\n\t\t\t\t\t\t\t<div class=\"elementor-element elementor-element-62bb3a3d e-con-full e-flex e-con e-parent\" data-id=\"62bb3a3d\" data-element_type=\"container\" data-settings=\"{&quot;content_width&quot;:&quot;full&quot;}\" data-core-v316-plus=\"true\">\n\t\t<div class=\"elementor-element elementor-element-619d4380 e-con-full e-flex e-con e-child\" data-id=\"619d4380\" data-element_type=\"container\" data-settings=\"{&quot;content_width&quot;:&quot;full&quot;}\">\n\t\t\t\t<div class=\"elementor-element elementor-element-1d87446a elementor-invisible elementor-widget elementor-widget-heading\" data-id=\"1d87446a\" data-element_type=\"widget\" data-settings=\"{&quot;_animation&quot;:&quot;fadeInUp&quot;}\" data-widget_type=\"heading.default\">\n\t\t\t\t<div class=\"elementor-widget-container\">\n\t\t\t<style>\/*! elementor - v3.18.0 - 20-12-2023 *\/\n.elementor-heading-title{padding:0;margin:0;line-height:1}.elementor-widget-heading .elementor-heading-title[class*=elementor-size-]>a{color:inherit;font-size:inherit;line-height:inherit}.elementor-widget-heading .elementor-heading-title.elementor-size-small{font-size:15px}.elementor-widget-heading .elementor-heading-title.elementor-size-medium{font-size:19px}.elementor-widget-heading .elementor-heading-title.elementor-size-large{font-size:29px}.elementor-widget-heading .elementor-heading-title.elementor-size-xl{font-size:39px}.elementor-widget-heading .elementor-heading-title.elementor-size-xxl{font-size:59px}<\/style><span class=\"elementor-heading-title elementor-size-default\">Le p'tit ard\u00e9chois dans la presse<\/span>\t\t<\/div>\n\t\t\t\t<\/div>\n\t\t\t\t<div class=\"elementor-element elementor-element-8fe0230 elementor-widget elementor-widget-image\" data-id=\"8fe0230\" data-element_type=\"widget\" data-widget_type=\"image.default\">\n\t\t\t\t<div class=\"elementor-widget-container\">\n\t\t\t<style>\/*! elementor - v3.18.0 - 20-12-2023 *\/\n.elementor-widget-image{text-align:center}.elementor-widget-image a{display:inline-block}.elementor-widget-image a img[src$=\".svg\"]{width:48px}.elementor-widget-image img{vertical-align:middle;display:inline-block}<\/style>\t\t\t\t\t\t\t\t\t\t\t\t<img decoding=\"async\" width=\"60\" height=\"60\" src=\"https:\/\/www.savon-lepetitardechois.fr\/wp-content\/uploads\/2024\/01\/fleches-bas.png\" class=\"attachment-large size-large wp-image-287\" alt=\"\" \/>\t\t\t\t\t\t\t\t\t\t\t\t\t\t\t<\/div>\n\t\t\t\t<\/div>\n\t\t\t\t<\/div>\n\t\t<div class=\"elementor-element elementor-element-30e36ee7 e-con-full e-flex e-con e-child\" data-id=\"30e36ee7\" data-element_type=\"container\" data-settings=\"{&quot;background_background&quot;:&quot;classic&quot;,&quot;content_width&quot;:&quot;full&quot;}\">\n\t\t\t\t<\/div>\n\t\t\t\t<\/div>\n\t\t<div class=\"elementor-element elementor-element-29827128 e-con-full e-flex e-con e-parent\" data-id=\"29827128\" data-element_type=\"container\" id=\"Workshop_Learn_The_Basics\" data-settings=\"{&quot;content_width&quot;:&quot;full&quot;}\" data-core-v316-plus=\"true\">\n\t\t<div class=\"elementor-element elementor-element-203f22de e-con-full e-flex e-con e-child\" data-id=\"203f22de\" data-element_type=\"container\" data-settings=\"{&quot;background_background&quot;:&quot;classic&quot;,&quot;content_width&quot;:&quot;full&quot;}\">\n\t\t\t\t<\/div>\n\t\t<div class=\"elementor-element elementor-element-921b405 e-con-full e-flex e-con e-child\" data-id=\"921b405\" data-element_type=\"container\" data-settings=\"{&quot;content_width&quot;:&quot;full&quot;}\">\n\t\t\t\t<div class=\"elementor-element elementor-element-4f36d4 elementor-widget elementor-widget-heading\" data-id=\"4f36d4\" data-element_type=\"widget\" data-widget_type=\"heading.default\">\n\t\t\t\t<div class=\"elementor-widget-container\">\n\t\t\t<h2 class=\"elementor-heading-title elementor-size-default\">Des savons \u00e0 la gloire de l'Ard\u00e8che<\/h2>\t\t<\/div>\n\t\t\t\t<\/div>\n\t\t\t\t<div class=\"elementor-element elementor-element-2fbd1f97 elementor-icon-list--layout-inline elementor-list-item-link-full_width elementor-widget elementor-widget-icon-list\" data-id=\"2fbd1f97\" data-element_type=\"widget\" data-widget_type=\"icon-list.default\">\n\t\t\t\t<div class=\"elementor-widget-container\">\n\t\t\t<link rel=\"stylesheet\" href=\"https:\/\/www.savon-lepetitardechois.fr\/wp-content\/plugins\/elementor\/assets\/css\/widget-icon-list.min.css\">\t\t<ul class=\"elementor-icon-list-items elementor-inline-items\">\n\t\t\t\t\t\t\t<li class=\"elementor-icon-list-item elementor-inline-item\">\n\t\t\t\t\t\t\t\t\t\t<span class=\"elementor-icon-list-text\">02.04.2023<\/span>\n\t\t\t\t\t\t\t\t\t<\/li>\n\t\t\t\t\t\t\t\t<li class=\"elementor-icon-list-item elementor-inline-item\">\n\t\t\t\t\t\t\t\t\t\t<span class=\"elementor-icon-list-text\">Dauphin\u00e9 Lib\u00e9r\u00e9 Dr\u00f4me Ard\u00e8che<\/span>\n\t\t\t\t\t\t\t\t\t<\/li>\n\t\t\t\t\t\t<\/ul>\n\t\t\t\t<\/div>\n\t\t\t\t<\/div>\n\t\t\t\t<div class=\"elementor-element elementor-element-281a9e3d elementor-widget elementor-widget-text-editor\" data-id=\"281a9e3d\" data-element_type=\"widget\" data-widget_type=\"text-editor.default\">\n\t\t\t\t<div class=\"elementor-widget-container\">\n\t\t\t<style>\/*! elementor - v3.18.0 - 20-12-2023 *\/\n.elementor-widget-text-editor.elementor-drop-cap-view-stacked .elementor-drop-cap{background-color:#69727d;color:#fff}.elementor-widget-text-editor.elementor-drop-cap-view-framed .elementor-drop-cap{color:#69727d;border:3px solid;background-color:transparent}.elementor-widget-text-editor:not(.elementor-drop-cap-view-default) .elementor-drop-cap{margin-top:8px}.elementor-widget-text-editor:not(.elementor-drop-cap-view-default) .elementor-drop-cap-letter{width:1em;height:1em}.elementor-widget-text-editor .elementor-drop-cap{float:left;text-align:center;line-height:1;font-size:50px}.elementor-widget-text-editor .elementor-drop-cap-letter{display:inline-block}<\/style>\t\t\t\t<p>L\u2019Ard\u00e8che, une terre de cr\u00e9ations artisanales. La capitale des Bouti\u00e8res, Le Cheylard, accueille depuis f\u00e9vrier les nouveaux locaux de la savonnerie d\u2019Am\u00e9lie Zurlo, La Fabrique des monts et merveilles. Dans l\u2019ancien moulinage de Carmantran, lieu charg\u00e9 d\u2019histoire, la jeune entrepreneuse fabrique un savon \u00e0 l\u2019effigie de l\u2019Ard\u00e8che&#8230;<\/p>\t\t\t\t\t\t<\/div>\n\t\t\t\t<\/div>\n\t\t\t\t<div class=\"elementor-element elementor-element-356753f0 elementor-invisible elementor-widget elementor-widget-button\" data-id=\"356753f0\" data-element_type=\"widget\" data-settings=\"{&quot;_animation&quot;:&quot;fadeInDown&quot;}\" data-widget_type=\"button.default\">\n\t\t\t\t<div class=\"elementor-widget-container\">\n\t\t\t\t\t<div class=\"elementor-button-wrapper\">\n\t\t\t<a class=\"elementor-button elementor-button-link elementor-size-sm\" href=\"https:\/\/c.ledauphine.com\/economie\/2023\/04\/02\/les-savons-tout-a-la-gloire-de-l-ardeche-signes-amelie-zurlo\">\n\t\t\t\t\t\t<span class=\"elementor-button-content-wrapper\">\n\t\t\t\t\t\t<span class=\"elementor-button-text\">Lire l'article<\/span>\n\t\t<\/span>\n\t\t\t\t\t<\/a>\n\t\t<\/div>\n\t\t\t\t<\/div>\n\t\t\t\t<\/div>\n\t\t\t\t<\/div>\n\t\t\t\t<\/div>\n\t\t<div class=\"elementor-element elementor-element-42766f0 e-con-full e-flex e-con e-parent\" data-id=\"42766f0\" data-element_type=\"container\" data-settings=\"{&quot;content_width&quot;:&quot;full&quot;}\" data-core-v316-plus=\"true\">\n\t\t<div class=\"elementor-element elementor-element-58488d6 e-con-full e-flex e-con e-child\" data-id=\"58488d6\" data-element_type=\"container\" data-settings=\"{&quot;background_background&quot;:&quot;classic&quot;,&quot;content_width&quot;:&quot;full&quot;}\">\n\t\t\t\t<\/div>\n\t\t<div class=\"elementor-element elementor-element-0e792e2 e-con-full e-flex e-con e-child\" data-id=\"0e792e2\" data-element_type=\"container\" data-settings=\"{&quot;content_width&quot;:&quot;full&quot;}\">\n\t\t\t\t<div class=\"elementor-element elementor-element-ab2233f elementor-widget elementor-widget-heading\" data-id=\"ab2233f\" data-element_type=\"widget\" data-widget_type=\"heading.default\">\n\t\t\t\t<div class=\"elementor-widget-container\">\n\t\t\t<h2 class=\"elementor-heading-title elementor-size-default\">Un savon d'Ard\u00e8che fait le tour du monde<\/h2>\t\t<\/div>\n\t\t\t\t<\/div>\n\t\t\t\t<div class=\"elementor-element elementor-element-f9b766b elementor-icon-list--layout-inline elementor-list-item-link-full_width elementor-widget elementor-widget-icon-list\" data-id=\"f9b766b\" data-element_type=\"widget\" data-widget_type=\"icon-list.default\">\n\t\t\t\t<div class=\"elementor-widget-container\">\n\t\t\t\t\t<ul class=\"elementor-icon-list-items elementor-inline-items\">\n\t\t\t\t\t\t\t<li class=\"elementor-icon-list-item elementor-inline-item\">\n\t\t\t\t\t\t\t\t\t\t<span class=\"elementor-icon-list-text\">08.07.2022<\/span>\n\t\t\t\t\t\t\t\t\t<\/li>\n\t\t\t\t\t\t\t\t<li class=\"elementor-icon-list-item elementor-inline-item\">\n\t\t\t\t\t\t\t\t\t\t<span class=\"elementor-icon-list-text\">Dauphin\u00e9 Lib\u00e9r\u00e9 Dr\u00f4me Ard\u00e8che<\/span>\n\t\t\t\t\t\t\t\t\t<\/li>\n\t\t\t\t\t\t<\/ul>\n\t\t\t\t<\/div>\n\t\t\t\t<\/div>\n\t\t\t\t<div class=\"elementor-element elementor-element-e2ce4f6 elementor-widget elementor-widget-text-editor\" data-id=\"e2ce4f6\" data-element_type=\"widget\" data-widget_type=\"text-editor.default\">\n\t\t\t\t<div class=\"elementor-widget-container\">\n\t\t\t\t\t\t\t<p>N\u00e9 en 2021, le jeune \u00ab p\u2019tit ard\u00e9chois \u00bb a pourtant d\u00e9j\u00e0 parcouru des milliers de kilom\u00e8tres \u00e0 travers le monde. Ce savon atypique \u00e0 la forme de l\u2019Ard\u00e8che, d\u00e9velopp\u00e9 et d\u00e9pos\u00e9 par la savonnerie artisanale <strong>La Fabrique des Monts et Merveilles<\/strong>, voyage \u00e0 travers le monde gr\u00e2ce \u00e0 la complicit\u00e9 de la client\u00e8le locale&#8230;<\/p>\t\t\t\t\t\t<\/div>\n\t\t\t\t<\/div>\n\t\t\t\t<div class=\"elementor-element elementor-element-37e6205 elementor-invisible elementor-widget elementor-widget-button\" data-id=\"37e6205\" data-element_type=\"widget\" data-settings=\"{&quot;_animation&quot;:&quot;fadeInDown&quot;}\" data-widget_type=\"button.default\">\n\t\t\t\t<div class=\"elementor-widget-container\">\n\t\t\t\t\t<div class=\"elementor-button-wrapper\">\n\t\t\t<a class=\"elementor-button elementor-button-link elementor-size-sm\" href=\"https:\/\/www.ledauphine.com\/economie\/2022\/07\/07\/un-savon-d-ardeche-fait-le-tour-du-monde\">\n\t\t\t\t\t\t<span class=\"elementor-button-content-wrapper\">\n\t\t\t\t\t\t<span class=\"elementor-button-text\">Lire l'article<\/span>\n\t\t<\/span>\n\t\t\t\t\t<\/a>\n\t\t<\/div>\n\t\t\t\t<\/div>\n\t\t\t\t<\/div>\n\t\t\t\t<\/div>\n\t\t\t\t<\/div>\n\t\t\t\t\t\t\t<\/div>\n\t\t","protected":false},"excerpt":{"rendered":"<p>Le p&rsquo;tit ard\u00e9chois dans la presse Des savons \u00e0 la gloire de l&rsquo;Ard\u00e8che 02.04.2023 Dauphin\u00e9 Lib\u00e9r\u00e9 Dr\u00f4me Ard\u00e8che L\u2019Ard\u00e8che, une terre de cr\u00e9ations artisanales. La capitale des Bouti\u00e8res, Le Cheylard, accueille depuis f\u00e9vrier les nouveaux locaux de la savonnerie d\u2019Am\u00e9lie Zurlo, La Fabrique des monts et merveilles. Dans l\u2019ancien moulinage de Carmantran, lieu charg\u00e9 d\u2019histoire, [&hellip;]<\/p>\n","protected":false},"author":1,"featured_media":0,"parent":0,"menu_order":0,"comment_status":"closed","ping_status":"closed","template":"elementor_header_footer","meta":{"footnotes":""},"class_list":["post-35","page","type-page","status-publish","hentry","entry"],"_links":{"self":[{"href":"https:\/\/www.savon-lepetitardechois.fr\/index.php\/wp-json\/wp\/v2\/pages\/35","targetHints":{"allow":["GET"]}}],"collection":[{"href":"https:\/\/www.savon-lepetitardechois.fr\/index.php\/wp-json\/wp\/v2\/pages"}],"about":[{"href":"https:\/\/www.savon-lepetitardechois.fr\/index.php\/wp-json\/wp\/v2\/types\/page"}],"author":[{"embeddable":true,"href":"https:\/\/www.savon-lepetitardechois.fr\/index.php\/wp-json\/wp\/v2\/users\/1"}],"replies":[{"embeddable":true,"href":"https:\/\/www.savon-lepetitardechois.fr\/index.php\/wp-json\/wp\/v2\/comments?post=35"}],"version-history":[{"count":33,"href":"https:\/\/www.savon-lepetitardechois.fr\/index.php\/wp-json\/wp\/v2\/pages\/35\/revisions"}],"predecessor-version":[{"id":494,"href":"https:\/\/www.savon-lepetitardechois.fr\/index.php\/wp-json\/wp\/v2\/pages\/35\/revisions\/494"}],"wp:attachment":[{"href":"https:\/\/www.savon-lepetitardechois.fr\/index.php\/wp-json\/wp\/v2\/media?parent=35"}],"curies":[{"name":"wp","href":"https:\/\/api.w.org\/{rel}","templated":true}]}}